{"id":2552,"date":"2022-12-05T08:54:26","date_gmt":"2022-12-05T08:54:26","guid":{"rendered":"https:\/\/villasurciel.com\/?page_id=2552"},"modified":"2022-12-15T11:57:29","modified_gmt":"2022-12-15T11:57:29","slug":"politique-confidentialite","status":"publish","type":"page","link":"https:\/\/villasurciel.com\/nl\/politique-confidentialite\/","title":{"rendered":"Privacybeleid"},"content":{"rendered":"<p>[et_pb_section fb_built=\u00a0\u00bb1&Prime; _builder_version=\u00a0\u00bb4.19.3&Prime; _module_preset=\u00a0\u00bbdefault\u00a0\u00bb hover_enabled=\u00a0\u00bb0&Prime; global_colors_info=\u00a0\u00bb{}\u00a0\u00bb background_color=\u00a0\u00bb#EAF1F4&Prime; sticky_enabled=\u00a0\u00bb0&Prime;][et_pb_row _builder_version=\u00a0\u00bb4.19.3&Prime; _module_preset=\u00a0\u00bbdefault\u00a0\u00bb custom_margin=\u00a0\u00bb0px||||false|false\u00a0\u00bb custom_padding=\u00a0\u00bb10px|20px||20px|false|true\u00a0\u00bb hover_enabled=\u00a0\u00bb0&Prime; global_colors_info=\u00a0\u00bb{}\u00a0\u00bb sticky_enabled=\u00a0\u00bb0&Prime; background_color=\u00a0\u00bb#FFFFFF\u00a0\u00bb][et_pb_column type=\u00a0\u00bb4_4&Prime; _builder_version=\u00a0\u00bb4.19.2&Prime; _module_preset=\u00a0\u00bbdefault\u00a0\u00bb global_colors_info=\u00a0\u00bb{}\u00a0\u00bb][et_pb_text _builder_version=\u00a0\u00bb4.19.3&Prime; _module_preset=\u00a0\u00bbdefault\u00a0\u00bb custom_margin=\u00a0\u00bb0px||||false|false\u00a0\u00bb custom_padding=\u00a0\u00bb0px||||false|false\u00a0\u00bb hover_enabled=\u00a0\u00bb0&Prime; global_colors_info=\u00a0\u00bb{}\u00a0\u00bb background_color=\u00a0\u00bbRGBA(255,255,255,0)\u00a0\u00bb sticky_enabled=\u00a0\u00bb0&Prime;]<\/p>\n<h1>Politique de confidentialit\u00e9<\/h1>\n<h2>1. Qui sommes-nous ?<\/h2>\n<p>\u2022 Ang\u00e8le De Malsche, 203 rue de la tour, 81170 Bournazel t\u00e9l.\u00a0: 07 66 80 25 58<br \/>\u2022 contact@villasurciel.com<br \/>\u2022 https:\/\/www.villasurciel.com<\/p>\n<h2>2. Introduction<\/h2>\n<p>Dans le cadre de la location saisoni\u00e8re du \u00ab\u00a0Patio\u00a0\u00bb, Ang\u00e8le De Malsche, r\u00e9sidant \u00e0 81170 Bournazel (France), est amen\u00e9e \u00e0 collecter et \u00e0 traiter des informations dont certaines sont qualifi\u00e9es de \u00ab\u00a0donn\u00e9es personnelles\u00a0\u00bb. Ang\u00e8le De Malsche attache une grande importance au respect de la vie priv\u00e9e, et utilise ces donn\u00e9es de mani\u00e8re responsable et confidentielle.<\/p>\n<h2>3. Formulaires de contact<\/h2>\n<p>Les donn\u00e9es que vous nous transmettez directement, via un formulaire de contact ou bien par contact direct par email, c&rsquo;est \u00e0 dire les noms, pr\u00e9noms, adresses, num\u00e9ros de t\u00e9l\u00e9phone, adresses mail, coordonn\u00e9es bancaires et \u00e2ges du locataire et des autres occupants sont utilis\u00e9es dans le but de vous re-contacter et\/ou dans le cadre de la demande que vous nous faites.<\/p>\n<h2>4. Cookies<\/h2>\n<p>Notre site utilise les cookies, nous vous invitons \u00e0 consulter notre <span style=\"text-decoration: underline;\"><a href=\"politique-de-cookies-ue\" target=\"blank\" rel=\"noopener\">politique de cookies<\/a><\/span>.<\/p>\n<h2>5. Contenu embarqu\u00e9 depuis d\u2019autres sites<\/h2>\n<p>Les articles de ce site peuvent inclure des contenus int\u00e9gr\u00e9s (par exemple des vid\u00e9os, images, articles\u2026).<\/p>\n<p>Le contenu int\u00e9gr\u00e9 depuis d\u2019autres sites se comporte de la m\u00eame mani\u00e8re que si le visiteur se rendait sur cet autre site. Ces sites web pourraient collecter des donn\u00e9es sur vous, utiliser des cookies, embarquer des outils de suivis tiers, suivre vos interactions avec ces contenus embarqu\u00e9s si vous disposez d\u2019un compte connect\u00e9 sur leur site web.<\/p>\n<p>Ce site propose des liens hypertextes pointant vers des sites Internet \u00e9dit\u00e9s par des tiers. Ces liens sont \u00e9tablis de bonne foi et Ang\u00e8le De Malsche ne peut \u00eatre tenue pour responsable de modifications intervenues sur ces sites. Par cons\u00e9quent, ces liens hypertextes ne sauraient, en aucun cas, engager la responsabilit\u00e9 d&rsquo; Ang\u00e8le De Malsche.<\/p>\n<p>Nous vous invitons \u00e0 consulter notre <span style=\"text-decoration: underline;\"><a href=\"politique-de-cookies-ue\" target=\"blank\" rel=\"noopener\">politique de cookies<\/a><\/span>.<\/p>\n<h2>6. Utilisation et transmission de vos donn\u00e9es personnelles<\/h2>\n<p>Les donn\u00e9es personnelles transmises sont utilis\u00e9es par Ang\u00e8le De Malsche, responsable du traitement des donn\u00e9es, et ne seront jamais vendues, \u00e9chang\u00e9es, transf\u00e9r\u00e9es, ou donn\u00e9es \u00e0 un tiers ni utilis\u00e9es \u00e0 d\u2019autres fins que celles d\u00e9taill\u00e9es ci-dessus.<\/p>\n<h2>7. Dur\u00e9es de stockage de vos donn\u00e9es<\/h2>\n<p>Les donn\u00e9es sont conserv\u00e9es pour une dur\u00e9e adapt\u00e9es aux finalit\u00e9s des traitements et conform\u00e9ment \u00e0 la l\u00e9gislation et r\u00e9glementation en vigueur.<br \/>Les donn\u00e9es des clients sont conserv\u00e9es pendant la relation contractuelle, et peuvent \u00eatre conserv\u00e9es pendant dix ans apr\u00e8s la rupture de la relation contractuelle pour respecter les obligations comptables et fiscales.<br \/>Les donn\u00e9es des prospects personnes physiques peuvent \u00eatre conserv\u00e9es jusqu\u2019\u00e0 trois ans apr\u00e8s le dernier contact \u00e9manant du prospect.<\/p>\n<h2>8. Les droits que vous avez sur vos donn\u00e9es<\/h2>\n<p>Si vous avez un compte ou si vous avez laiss\u00e9 des commentaires sur le site, vous pouvez demander \u00e0 recevoir un fichier contenant toutes les donn\u00e9es personnelles que nous poss\u00e9dons \u00e0 votre sujet, incluant celles que vous nous avez fournies.<br \/>Vous pouvez \u00e9galement demander la suppression des donn\u00e9es personnelles vous concernant.<br \/>Cela ne prend pas en compte les donn\u00e9es stock\u00e9es \u00e0 des fins administratives, l\u00e9gales ou pour des raisons de s\u00e9curit\u00e9.<\/p>\n<h2>9. Contact d\u00e9l\u00e9gu\u00e9 \u00e0 la protection des donn\u00e9es<\/h2>\n<p>Ang\u00e8le De Malsche, 203 rue de la tour, 81170 Bournazel<br \/>e-mail\u00a0: contact@villasurciel.com<br \/>t\u00e9l.\u00a0: 07 66 80 25 58<\/p>\n<p>[\/et_pb_text][\/et_pb_column][\/et_pb_row][\/et_pb_section]<\/p>\n","protected":false},"excerpt":{"rendered":"<p>Politique de confidentialit\u00e9 1. Qui sommes-nous ? \u2022 Ang\u00e8le De Malsche, 203 rue de la tour, 81170 Bournazel t\u00e9l.\u00a0: 07 66 80 25 58\u2022 contact@villasurciel.com\u2022 https:\/\/www.villasurciel.com 2. Introduction Dans le cadre de la location saisoni\u00e8re du \u00ab\u00a0Patio\u00a0\u00bb, Ang\u00e8le De Malsche, r\u00e9sidant \u00e0 81170 Bournazel (France), est amen\u00e9e \u00e0 collecter et \u00e0 traiter des informations dont [&hellip;]<\/p>\n","protected":false},"author":1,"featured_media":0,"parent":0,"menu_order":0,"comment_status":"closed","ping_status":"closed","template":"","meta":{"_et_pb_use_builder":"on","_et_pb_old_content":"","_et_gb_content_width":"","footnotes":""},"class_list":["post-2552","page","type-page","status-publish","hentry"],"_links":{"self":[{"href":"https:\/\/villasurciel.com\/nl\/wp-json\/wp\/v2\/pages\/2552","targetHints":{"allow":["GET"]}}],"collection":[{"href":"https:\/\/villasurciel.com\/nl\/wp-json\/wp\/v2\/pages"}],"about":[{"href":"https:\/\/villasurciel.com\/nl\/wp-json\/wp\/v2\/types\/page"}],"author":[{"embeddable":true,"href":"https:\/\/villasurciel.com\/nl\/wp-json\/wp\/v2\/users\/1"}],"replies":[{"embeddable":true,"href":"https:\/\/villasurciel.com\/nl\/wp-json\/wp\/v2\/comments?post=2552"}],"version-history":[{"count":0,"href":"https:\/\/villasurciel.com\/nl\/wp-json\/wp\/v2\/pages\/2552\/revisions"}],"wp:attachment":[{"href":"https:\/\/villasurciel.com\/nl\/wp-json\/wp\/v2\/media?parent=2552"}],"curies":[{"name":"wp","href":"https:\/\/api.w.org\/{rel}","templated":true}]}}