{"id":2822,"date":"2022-12-14T08:53:11","date_gmt":"2022-12-14T08:53:11","guid":{"rendered":"https:\/\/villasurciel.com\/?page_id=2822"},"modified":"2025-11-18T16:18:12","modified_gmt":"2025-11-18T16:18:12","slug":"conditions-de-location","status":"publish","type":"page","link":"https:\/\/villasurciel.com\/nl\/conditions-de-location\/","title":{"rendered":"Huurvoorwaarden"},"content":{"rendered":"<p>[et_pb_section fb_built=\u00a0\u00bb1&Prime; _builder_version=\u00a0\u00bb4.19.3&Prime; _module_preset=\u00a0\u00bbdefault\u00a0\u00bb background_color=\u00a0\u00bb#EAF1F4&Prime; global_colors_info=\u00a0\u00bb{}\u00a0\u00bb][et_pb_row _builder_version=\u00a0\u00bb4.19.3&Prime; _module_preset=\u00a0\u00bbdefault\u00a0\u00bb background_color=\u00a0\u00bb#FFFFFF\u00a0\u00bb custom_margin=\u00a0\u00bb||||false|false\u00a0\u00bb custom_padding=\u00a0\u00bb0px|20px||20px|false|false\u00a0\u00bb global_colors_info=\u00a0\u00bb{}\u00a0\u00bb][et_pb_column type=\u00a0\u00bb4_4&Prime; _builder_version=\u00a0\u00bb4.19.3&Prime; _module_preset=\u00a0\u00bbdefault\u00a0\u00bb global_colors_info=\u00a0\u00bb{}\u00a0\u00bb][et_pb_text _builder_version=\u00a0\u00bb4.19.5&Prime; _module_preset=\u00a0\u00bbdefault\u00a0\u00bb text_orientation=\u00a0\u00bbjustified\u00a0\u00bb global_colors_info=\u00a0\u00bb{}\u00a0\u00bb]<\/p>\n<h1><b>CONDITIONS DE LOCATION<\/b><\/h1>\n<h1 class=\"titre-1-contrat-western\">1.Capacit\u00e9 d\u2019h\u00e9bergement<\/h1>\n<p class=\"western\">La pr\u00e9sente location peut accueillir au maximum 6 personnes (y compris enfants et b\u00e9b\u00e9s).<\/p>\n<p class=\"western\">Seuls les personnes mentionn\u00e9es dans le contrat de location peuvent acc\u00e9der au logement.<\/p>\n<p class=\"western\">En cas de non respect de cette clause par le locataire, le prestataire refusera syst\u00e9matiquement l\u2019acc\u00e8s \u00e0 la maison de vacances.<\/p>\n<p class=\"western\">Dans ce cas, aucun remboursement ne sera effectu\u00e9.<\/p>\n<h1 class=\"titre-1-contrat-western\">2.Animaux de compagnie<\/h1>\n<p class=\"western\">Les animaux de compagnie ne sont pas autoris\u00e9s.<\/p>\n<p class=\"western\">En cas de non respect de cette clause par le locataire, le prestataire refusera syst\u00e9matiquement l\u2019acc\u00e8s \u00e0 la maison de vacances.<\/p>\n<p class=\"western\">Dans ce cas, aucun remboursement ne sera effectu\u00e9.<\/p>\n<h1 class=\"titre-1-contrat-western\">3.Objet et dur\u00e9e de la location<\/h1>\n<p class=\"western\">La pr\u00e9sente location a pour objet une maison de vacances lou\u00e9e pour une dur\u00e9e d\u00e9termin\u00e9e. Elle n&rsquo;a pas pour objet des locaux lou\u00e9s \u00e0 usage d&rsquo;habitation principale et\/ou \u00e0 usage professionnel.<\/p>\n<p class=\"western\">Le locataire ne pourra en aucune circonstance se pr\u00e9valoir d\u2019un quelconque droit au maintien dans les lieux.<\/p>\n<p class=\"western\">La location est conclu intuitu personae au profit du seul locataire identifi\u00e9 en t\u00eate du contrat.<\/p>\n<h1 class=\"titre-1-contrat-western\">4.Tarifs<\/h1>\n<p class=\"western\">Les tarifs mentionn\u00e9s sur le site comprennent le loyer, le linge de lit et de bain, la taxe de s\u00e9jour et les frais de m\u00e9nage.<\/p>\n<h1 class=\"titre-1-contrat-western\">5.Charges de location<\/h1>\n<p class=\"western\">Le loyer comprend pour toute la dur\u00e9e de la location, le paiement des charges locatives et des fournitures disponibles rappel\u00e9es ci-apr\u00e8s: eau, \u00e9lectricit\u00e9, chauffage, air conditionn\u00e9, acc\u00e8s internet et acc\u00e8s t\u00e9l\u00e9vision.<\/p>\n<p class=\"western\">En cas de consommation excessive d&rsquo;\u00e9nergie un montant suppl\u00e9mentaire peut \u00eatre factur\u00e9.<\/p>\n<h1 class=\"titre-1-contrat-western\">6.Formalit\u00e9s de r\u00e9servation<\/h1>\n<p class=\"western\">Apr\u00e8s r\u00e9ception de la demande de r\u00e9servation, un e-mail de confirmation sera envoy\u00e9 au locataire ainsi qu\u2019un contrat de location et une demande d\u2019acompte (voir point 7).<\/p>\n<p class=\"western\">La r\u00e9servation devient ferme lorsque le propri\u00e9taire a re\u00e7u l\u2019acompte (voir point 7) et le contrat sign\u00e9 par le locataire.<\/p>\n<p class=\"western\">Tant que le propri\u00e9taire n&rsquo;a pas re\u00e7u le contrat sign\u00e9 par le locataire et l\u2019acompte, le propri\u00e9taire est libre de proposer le logement \u00e0 la location pour la m\u00eame p\u00e9riode \u00e0 un tiers.<\/p>\n<p class=\"western\">Par le r\u00e8glement de l\u2019acompte, le locataire confirme son accord plein et entier avec les conditions de location sp\u00e9cifi\u00e9es ici.<\/p>\n<h1 class=\"titre-1-contrat-western\">7.R\u00e8glement du prix de location<\/h1>\n<p class=\"western\">Un acompte de 30% est r\u00e9gl\u00e9 au moment de la r\u00e9servation.<\/p>\n<p class=\"western\">Le solde du prix de location est pay\u00e9 au plus tard 30 jours avant le d\u00e9but de la p\u00e9riode de location.<\/p>\n<p class=\"western\">Pour les r\u00e9servations r\u00e9alis\u00e9es moins de 30 jours avant le d\u00e9but du s\u00e9jour, l\u2019acompte s\u2019\u00e9l\u00e8ve \u00e0 la totalit\u00e9 du montant du loyer.<\/p>\n<h1 class=\"titre-1-contrat-western\">8.Moyen de paiement<\/h1>\n<p class=\"western\">Le paiement se fait par virement.<\/p>\n<h1 class=\"titre-1-contrat-western\">9.Caution<\/h1>\n<p class=\"western\">Au plus tard 30 jours avant le d\u00e9but de la p\u00e9riode de location, le locataire remettra au propri\u00e9taire un montant de 600 euros \u00e0 titre de d\u00e9p\u00f4t de garantie destin\u00e9 \u00e0 couvrir les dommages et\/ou d\u00e9gradations du logement et du mobilier et objets garnissant le logement, caus\u00e9s par le locataire, ainsi que les pertes de clefs ou d&rsquo;objets.<\/p>\n<p class=\"western\">La caution sera restitu\u00e9e au locataire dans un d\u00e9lai maximum de 3 semaines apr\u00e8s son d\u00e9part, d\u00e9duction faite le cas \u00e9ch\u00e9ant des sommes couvrant les dommages et\/ou d\u00e9gradations du logement et du mobilier et objets garnissant le logement caus\u00e9s par le locataire, ainsi que les pertes de clefs ou d&rsquo;objets.<\/p>\n<p class=\"western\">Le locataire n&rsquo;aura en aucun cas acc\u00e8s \u00e0 la location si il s&rsquo;av\u00e8re qu&rsquo;il n&rsquo;a pas r\u00e9gl\u00e9 la caution.<\/p>\n<h1 class=\"titre-1-contrat-western\">10.Annulation du s\u00e9jour par le client<\/h1>\n<ul>\n<li>\n<p class=\"western\"><b>Conditions d\u2019annulation concernant les locations pendant les p\u00e9riodes de juillet et ao\u00fbt.<\/b><\/p>\n<\/li>\n<\/ul>\n<p class=\"western\">En cas d&rsquo;annulation par le locataire 30 jours avant la p\u00e9riode de location, la totalit\u00e9 du montant d\u00e9j\u00e0 vers\u00e9 est rembours\u00e9.<\/p>\n<p class=\"western\">En cas d&rsquo;annulation moins de 30 jours avant la p\u00e9riode de location, le loyer n&rsquo;est pas rembours\u00e9.<\/p>\n<p class=\"western\">En cas d&rsquo;annulation la caution est rembours\u00e9e.<\/p>\n<ul>\n<li>\n<p class=\"western\"><b>Conditions d\u2019annulation concernant les locations pendant les p\u00e9riodes de janvier, f\u00e9vrier, mars, avril, mai, juin, septembre, octobre, novembre et d\u00e9cembre.<\/b><\/p>\n<\/li>\n<\/ul>\n<p class=\"western\">En cas d\u2019annulation par le locataire 36 heures avant le d\u00e9but de la la p\u00e9riode de location, la totalit\u00e9 du loyer vers\u00e9 est rembours\u00e9.<\/p>\n<p class=\"western\">En cas d\u2019annulation par le locataire moins de 36 heures avant le d\u00e9but de la p\u00e9riode de location, le loyer n\u2019est pas rembours\u00e9.<\/p>\n<p class=\"western\">En cas d&rsquo;annulation la caution est rembours\u00e9e.<\/p>\n<h1 class=\"titre-1-contrat-western\">11.Assurance annulation<\/h1>\n<p class=\"western\">Nous attirons votre attention sur le fait qu\u2019aucune assurance annulation n\u2019est incluse dans nos tarifs. Il est par cons\u00e9quent vivement recommand\u00e9 d\u2019en souscrire une.<\/p>\n<h1 class=\"titre-1-contrat-western\">12.\u200bAnnulation du s\u00e9jour par le propri\u00e9taire<\/h1>\n<p class=\"western\">Si, avant le d\u00e9but du s\u00e9jour, le propri\u00e9taire est amen\u00e9 \u00e0 annuler la r\u00e9servation, il doit aussit\u00f4t en informer son client. Le client sera alors imm\u00e9diatement et int\u00e9gralement rembours\u00e9 des sommes qu\u2019il aura d\u00e9j\u00e0 vers\u00e9es. Il recevra en outre une indemnit\u00e9 \u00e9gale \u00e0 la p\u00e9nalit\u00e9 qu\u2019il aurait support\u00e9e si l\u2019annulation \u00e9tait intervenue de son fait \u00e0 cette date.<\/p>\n<h1 class=\"titre-1-contrat-western\">13.Heure d\u2019arriv\u00e9e et de d\u00e9part<\/h1>\n<p class=\"western\">La p\u00e9riode de location commence au plus t\u00f4t \u00e0 17 heures et se termine au plus tard \u00e0 10 heures sauf exception.<\/p>\n<p class=\"western\">Pendant les mois de mai, juin, septembre pas d&rsquo;arriv\u00e9e le dimanche et d\u00e9part le dimanche au plus tard \u00e0 18 heures.<\/p>\n<p class=\"western\">Il convient de respecter strictement ces horaires de d\u00e9part et d&rsquo;arriv\u00e9e.<\/p>\n<h1 class=\"titre-1-contrat-western\">14.Remise des cl\u00e9s<\/h1>\n<p class=\"western\">30 minutes avant l&rsquo;arriv\u00e9e sur les lieux, il conviendra de contacter Mme Ang\u00e8le De Malsche au num\u00e9ro 07 66 80 25 58. Celle-ci accueillera le locataire dans la maison de vacances et lui remettra les cl\u00e9s et l&rsquo;\u00e9tat des lieux.<\/p>\n<p class=\"western\">Le locataire ne re\u00e7oit les cl\u00e9s qu&rsquo;apr\u00e8s paiement de la totalit\u00e9 du prix de location et de la caution. Le locataire est \u00e9galement responsable de la remise des cl\u00e9s en fin de s\u00e9jour.<\/p>\n<h1 class=\"titre-1-contrat-western\">15.\u200bPiscine<\/h1>\n<p class=\"western\">La piscine est chauff\u00e9e du premier mai jusque d\u00e9but octobre.<\/p>\n<p class=\"western\">Le propri\u00e9taire dispose d&rsquo;une installation s\u00e9curis\u00e9e aux normes conform\u00e9ment \u00e0 la l\u00e9gislation en France concernant l&rsquo;utilisation des piscines. Le locataire s&rsquo;engage \u00e0 utiliser le dispositif de s\u00e9curit\u00e9 pendant la dur\u00e9e de son s\u00e9jour, \u00e9galement en cas d&rsquo;absence temporaire (aussi courte soit elle) et aussi la nuit.<\/p>\n<p class=\"western\">Le dispositif de s\u00e9curit\u00e9 consiste en un volet roulant automatique permettant de couvrir la piscine. L&rsquo;ouverture et la fermeture du panneau de protection de la piscine se font au moyen d&rsquo;une cl\u00e9 et d&rsquo;attaches manuelles.<\/p>\n<p class=\"western\">Son acc\u00e8s est r\u00e9serv\u00e9 uniquement aux personnes mentionn\u00e9es dans le contrat de location. L\u2019acc\u00e8s \u00e0 des invit\u00e9s ext\u00e9rieurs est interdit.<\/p>\n<p class=\"western\">Le propri\u00e9taire rappelle au locataire l\u2019absence de surveillance de la piscine.<\/p>\n<p class=\"western\">Le locataire est responsable de la surveillance des personnes qui l&rsquo;accompagnent et doit prendre les mesures n\u00e9cessaires afin d&rsquo;\u00e9viter tout incident lors de l&rsquo;utilisation de la piscine. En cas d&rsquo;accident le propri\u00e9taire ne peut en aucun cas \u00eatre tenu responsable.<\/p>\n<p class=\"western\">Tout utilisateur de la piscine doit \u00eatre couvert par une assurance responsabilit\u00e9 civile.<\/p>\n<p class=\"western\">La piscine est nettoy\u00e9e et entretenue par une personne qualifi\u00e9e. Le locataire s&rsquo;engage \u00e0 donner acc\u00e8s \u00e0 la piscine \u00e0 cette personne.<\/p>\n<h1 class=\"titre-1-contrat-western\">16.Utilisation des lieux et entretien<\/h1>\n<p class=\"western\">Le locataire s\u2019engage \u00e0 respecter les r\u00e8gles de bon voisinage.<\/p>\n<p class=\"western\">Le logement lou\u00e9 est destin\u00e9 aux familles. Les f\u00eates et les \u00e9v\u00e8nements n\u2019y sont pas autoris\u00e9es.<\/p>\n<p class=\"western\">Le locataire s&rsquo;engage \u00e0 entretenir le logement lou\u00e9 et \u00e0 le restituer dans l&rsquo;\u00e9tat dans lequel il l&rsquo;a re\u00e7u.<\/p>\n<p class=\"western\">Le locataire est tenu de rembourser toutes les r\u00e9parations suite aux d\u00e9gradations et dommages caus\u00e9s\u00a0 par sa n\u00e9gligence (absence d&rsquo;entretien ou manque de soin). Le locataire est responsable de ces dommages s&rsquo;il en est l&rsquo;auteur ou s&rsquo;ils sont caus\u00e9s par les autres personnes mentionn\u00e9es dans le contrat ou par celles \u00e0 qui il a autoris\u00e9 l\u2019acc\u00e8s au logement lou\u00e9.<\/p>\n<p class=\"western\">L&rsquo;int\u00e9gralit\u00e9 du mobilier, au sens le plus large du terme, ne peut pr\u00e9senter d&rsquo;autres traces d&rsquo;usure que celles acceptables dans le cadre d&rsquo;un usage normal.<\/p>\n<p class=\"western\">Les objets manquants, endommag\u00e9s ou us\u00e9s par une utilisation incorrecte ou inappropri\u00e9e devront \u00eatre rembours\u00e9s, remplac\u00e9s ou r\u00e9par\u00e9s par le locataire, sous r\u00e9serve d&rsquo;acceptation par le propri\u00e9taire. Cette clause s&rsquo;applique \u00e9galement aux rev\u00eatements muraux, peintures, tissus (si\u00e8ges, rideaux, etc.) et au bien lou\u00e9 dans son int\u00e9gralit\u00e9 et au sens le plus large du terme.<\/p>\n<p class=\"western\">Le locataire s&rsquo;engage au moment de son d\u00e9part \u00e0 remettre tous les meubles et biens mobiliers \u00e0 la place \u00e0 laquelle il les a trouv\u00e9s au moment de son arriv\u00e9e.<\/p>\n<p class=\"western\">Le locataire ne doit en aucun cas jeter des choses\/objets dans les lavabos, douches, toilettes, \u00e9vier&#8230; qui pourraient boucher ou d\u00e9t\u00e9riorer les canalisations. Les frais \u00e9ventuels de d\u00e9bouchage ou de r\u00e9paration sont enti\u00e8rement \u00e0 la charge du locataire.<\/p>\n<p class=\"western\">Le locataire utilisera les produits d&rsquo;entretien appropri\u00e9s mis \u00e0 disposition pour le nettoyage de la plaque \u00e0 induction, des sols en pierre naturelle, des \u00e9l\u00e9ments en granite, etc&#8230;<\/p>\n<p class=\"western\">Il est interdit de fumer dans la maison. Il est possible de fumer dehors. Il est interdit de laisser des m\u00e9gots de cigarettes aussi bien \u00e0 l&rsquo;int\u00e9rieur qu&rsquo;\u00e0 l&rsquo;ext\u00e9rieur de la maison.<\/p>\n<p class=\"western\">Il est interdit de faire un barbecue ailleurs qu&rsquo;\u00e0 l&rsquo;endroit pr\u00e9vu. Seul le charbon de bois peut \u00eatre utilis\u00e9 dans le barbecue. Toute forme de feu \u00e0 ciel ouvert est strictement interdite sur l&rsquo;ensemble du domaine.<\/p>\n<h1 class=\"titre-1-contrat-western\">17.M\u00e9nage<\/h1>\n<p class=\"western\">Les frais de m\u00e9nage comprennent : le nettoyage des meubles, installations sanitaires (salle de bains et wc), fen\u00eatres, sols, piscine, jardin et terrasses.<\/p>\n<p class=\"western\">Le forfait de m\u00e9nage ne comprend pas: le nettoyage du frigo, du four \u00e0 micro-ondes, de four traditionnel, de la plaque \u00e0 induction, de la vaisselle, du barbecue et du po\u00eale \u00e0 bois.<\/p>\n<p class=\"western\">Lors du d\u00e9part du logement, il conviendra de respecter les r\u00e8gles suivantes:<\/p>\n<p class=\"western\">&#8211; si quelque chose est cass\u00e9, cela sera mentionn\u00e9 au propri\u00e9taire et par cons\u00e9quent rembours\u00e9;<\/p>\n<p class=\"western\">&#8211; toutes les ordures m\u00e9nag\u00e8res seront d\u00e9pos\u00e9es dans les containers pr\u00e9vus \u00e0 cet effet dans le village;<\/p>\n<p class=\"western\">&#8211; le frigo devra \u00eatre compl\u00e8tement vid\u00e9 et nettoy\u00e9;<\/p>\n<p class=\"western\">&#8211; le lave-vaisselle devra \u00eatre vid\u00e9;<\/p>\n<p class=\"western\">&#8211; toute la vaisselle sera nettoy\u00e9e, s\u00e9ch\u00e9e et rang\u00e9e;<\/p>\n<p class=\"western\">&#8211; la maison sera propre: pas de terre, restes ou d\u00e9chets sur les sols;<\/p>\n<p class=\"western\">&#8211; toutes les chaises, tables et autres meubles seront remis \u00e0 leur place initiale.<\/p>\n<h1 class=\"titre-1-contrat-western\">18.\u00c9tat des lieux<\/h1>\n<p class=\"western\">L&rsquo;\u00e9tat des lieux est remis avec les cl\u00e9s au locataire. Le locataire dispose d&rsquo;un d\u00e9lai de 24 heures \u00e0 partir de d\u00e9but de la p\u00e9riode de location pour pr\u00e9venir le propri\u00e9taire des d\u00e9fauts et manquements. L&rsquo;\u00e9tat des lieux est sign\u00e9 au moment de la remise des cl\u00e9s.<\/p>\n<p class=\"western\">Le locataire informera le propri\u00e9taire des dommages qu&rsquo;il a caus\u00e9s. Ce dernier mettra tout en \u0153uvre pour proc\u00e9der aux r\u00e9parations le plus rapidement possible. Le propri\u00e9taire ne peut en aucun cas \u00eatre tenu responsable de retard concernant les r\u00e9parations n\u00e9cessaires.<\/p>\n<p class=\"western\">Le locataire ne peut r\u00e9clamer aucun d\u00e9dommagement ou indemnit\u00e9.<\/p>\n<p class=\"western\">L&rsquo;\u00e9tat des lieux sera contr\u00f4l\u00e9 au moment du d\u00e9part.<\/p>\n<h1 class=\"titre-1-contrat-western\">19.Responsabilit\u00e9 et assurance<\/h1>\n<p class=\"western\">Le propri\u00e9taire n&rsquo;est pas responsable des accidents survenus pendant la p\u00e9riode de location et ne peut \u00eatre tenu responsable de circonstances impr\u00e9vues en dehors de sa volont\u00e9 (par ex.: piscine, appareils \u00e9lectriques d\u00e9fectueux, etc&#8230;\u00a0)<\/p>\n<p class=\"western\">Le propri\u00e9taire n&rsquo;est en aucun cas responsable &#8211; au sens le plus large du terme &#8211; des pertes, vols, d\u00e9g\u00e2ts, dommages, blessures, accidents etc\u2026 subis ou provoqu\u00e9s par le locataire ou par des tiers, des animaux, concernant des personnes, des animaux et\/ou des biens pendant ou suite au s\u00e9jour et \u00e0 l&rsquo;utilisation du logement.<\/p>\n<p class=\"western\">En tout cas, le locataire est responsable de toute forme de dommages \u00e9galement d&rsquo;incendie qu&rsquo;il cause, ce qui implique que l&rsquo;assurance incendie est \u00e0 sa charge. Par la pr\u00e9sente, le locataire d\u00e9clare qu&rsquo;il est aussi assur\u00e9 en responsabilit\u00e9 civile.<\/p>\n<h1 class=\"titre-1-contrat-western\">20.Litiges<\/h1>\n<p class=\"western\">En cas de litige, le tribunal d\u2019Albi sera seul comp\u00e9tent. Tous les frais seront \u00e0 la charge du locataire.<\/p>\n<p>La Commission europ\u00e9enne met \u00e0 disposition une plateforme en ligne de r\u00e9solution des\u00a0diff\u00e9rends \u00e0 laquelle vous pouvez acc\u00e9der ici: https:\/\/ec.europa.eu\/consumers\/odr\/.<\/p>\n<h1 class=\"titre-1-contrat-western\">21.Conditions particuli\u00e8res<\/h1>\n<p class=\"western\">Le locataire doit informer les autres personnes qui l&rsquo;accompagnent des conditions de location susmentionn\u00e9es.<\/p>\n<p>[\/et_pb_text][\/et_pb_column][\/et_pb_row][\/et_pb_section]<\/p>\n","protected":false},"excerpt":{"rendered":"<p>CONDITIONS DE LOCATION 1.Capacit\u00e9 d\u2019h\u00e9bergement La pr\u00e9sente location peut accueillir au maximum 6 personnes (y compris enfants et b\u00e9b\u00e9s). Seuls les personnes mentionn\u00e9es dans le contrat de location peuvent acc\u00e9der au logement. En cas de non respect de cette clause par le locataire, le prestataire refusera syst\u00e9matiquement l\u2019acc\u00e8s \u00e0 la maison de vacances. Dans ce [&hellip;]<\/p>\n","protected":false},"author":1,"featured_media":0,"parent":0,"menu_order":0,"comment_status":"closed","ping_status":"closed","template":"","meta":{"_et_pb_use_builder":"on","_et_pb_old_content":"","_et_gb_content_width":"","footnotes":""},"class_list":["post-2822","page","type-page","status-publish","hentry"],"_links":{"self":[{"href":"https:\/\/villasurciel.com\/nl\/wp-json\/wp\/v2\/pages\/2822","targetHints":{"allow":["GET"]}}],"collection":[{"href":"https:\/\/villasurciel.com\/nl\/wp-json\/wp\/v2\/pages"}],"about":[{"href":"https:\/\/villasurciel.com\/nl\/wp-json\/wp\/v2\/types\/page"}],"author":[{"embeddable":true,"href":"https:\/\/villasurciel.com\/nl\/wp-json\/wp\/v2\/users\/1"}],"replies":[{"embeddable":true,"href":"https:\/\/villasurciel.com\/nl\/wp-json\/wp\/v2\/comments?post=2822"}],"version-history":[{"count":6,"href":"https:\/\/villasurciel.com\/nl\/wp-json\/wp\/v2\/pages\/2822\/revisions"}],"predecessor-version":[{"id":3399,"href":"https:\/\/villasurciel.com\/nl\/wp-json\/wp\/v2\/pages\/2822\/revisions\/3399"}],"wp:attachment":[{"href":"https:\/\/villasurciel.com\/nl\/wp-json\/wp\/v2\/media?parent=2822"}],"curies":[{"name":"wp","href":"https:\/\/api.w.org\/{rel}","templated":true}]}}