{"id":322,"date":"2021-12-16T13:43:57","date_gmt":"2021-12-16T13:43:57","guid":{"rendered":"https:\/\/villasurciel.com\/?page_id=322"},"modified":"2024-02-10T09:32:14","modified_gmt":"2024-02-10T09:32:14","slug":"accueil","status":"publish","type":"page","link":"https:\/\/villasurciel.com\/nl\/","title":{"rendered":"Home"},"content":{"rendered":"<p>[et_pb_section fb_built=\u00a0\u00bb1&Prime; _builder_version=\u00a0\u00bb4.19.2&Prime; _module_preset=\u00a0\u00bbdefault\u00a0\u00bb background_color=\u00a0\u00bb#EAF1F4&Prime; global_colors_info=\u00a0\u00bb{}\u00a0\u00bb][et_pb_row column_structure=\u00a0\u00bb2_3,1_3&Prime; use_custom_gutter=\u00a0\u00bbon\u00a0\u00bb gutter_width=\u00a0\u00bb1&Prime; custom_padding_last_edited=\u00a0\u00bbon|tablet\u00a0\u00bb _builder_version=\u00a0\u00bb4.19.4&Prime; _module_preset=\u00a0\u00bbdefault\u00a0\u00bb background_color=\u00a0\u00bb#FFFFFF\u00a0\u00bb width_tablet=\u00a0\u00bb100%\u00a0\u00bb width_phone=\u00a0\u00bb\u00a0\u00bb width_last_edited=\u00a0\u00bbon|tablet\u00a0\u00bb max_width_tablet=\u00a0\u00bb100%\u00a0\u00bb max_width_phone=\u00a0\u00bb\u00a0\u00bb max_width_last_edited=\u00a0\u00bbon|tablet\u00a0\u00bb min_height_tablet=\u00a0\u00bb\u00a0\u00bb min_height_phone=\u00a0\u00bb\u00a0\u00bb min_height_last_edited=\u00a0\u00bbon|tablet\u00a0\u00bb height_tablet=\u00a0\u00bb\u00a0\u00bb height_phone=\u00a0\u00bb\u00a0\u00bb height_last_edited=\u00a0\u00bbon|tablet\u00a0\u00bb max_height_tablet=\u00a0\u00bb\u00a0\u00bb max_height_phone=\u00a0\u00bb\u00a0\u00bb max_height_last_edited=\u00a0\u00bbon|tablet\u00a0\u00bb custom_margin=\u00a0\u00bb||||false|false\u00a0\u00bb custom_margin_tablet=\u00a0\u00bb||||false|false\u00a0\u00bb custom_margin_phone=\u00a0\u00bb||0px||false|false\u00a0\u00bb custom_margin_last_edited=\u00a0\u00bbon|phone\u00a0\u00bb custom_padding=\u00a0\u00bb|20px||0px|false|false\u00a0\u00bb custom_padding_tablet=\u00a0\u00bb|0px|0px|0px|false|false\u00a0\u00bb custom_padding_phone=\u00a0\u00bb|0px|0px|0px|false|false\u00a0\u00bb background_color_phone=\u00a0\u00bb#FFFFFF\u00a0\u00bb background_last_edited=\u00a0\u00bbon|phone\u00a0\u00bb background_enable_color_phone=\u00a0\u00bbon\u00a0\u00bb use_background_color_gradient_phone=\u00a0\u00bboff\u00a0\u00bb module_alignment_tablet=\u00a0\u00bb\u00a0\u00bb module_alignment_phone=\u00a0\u00bb\u00a0\u00bb module_alignment_last_edited=\u00a0\u00bbon|tablet\u00a0\u00bb border_radii=\u00a0\u00bbon|15px|15px|15px|15px\u00a0\u00bb border_radii_tablet=\u00a0\u00bbon||||\u00a0\u00bb border_radii_phone=\u00a0\u00bbon|0px|0px|0px|0px\u00a0\u00bb border_radii_last_edited=\u00a0\u00bbon|phone\u00a0\u00bb border_width_all_tablet=\u00a0\u00bb\u00a0\u00bb border_width_all_phone=\u00a0\u00bb\u00a0\u00bb border_width_all_last_edited=\u00a0\u00bbon|tablet\u00a0\u00bb border_color_all_phone=\u00a0\u00bb#ffffff\u00a0\u00bb border_color_all_last_edited=\u00a0\u00bboff|tablet\u00a0\u00bb border_style_all_tablet=\u00a0\u00bb\u00a0\u00bb border_style_all_phone=\u00a0\u00bb\u00a0\u00bb border_style_all_last_edited=\u00a0\u00bbon|desktop\u00a0\u00bb global_colors_info=\u00a0\u00bb{}\u00a0\u00bb][et_pb_column type=\u00a0\u00bb2_3&Prime; _builder_version=\u00a0\u00bb4.19.2&Prime; _module_preset=\u00a0\u00bbdefault\u00a0\u00bb custom_padding=\u00a0\u00bb|20px||20px|false|true\u00a0\u00bb custom_padding_tablet=\u00a0\u00bb|20px||20px|false|true\u00a0\u00bb custom_padding_phone=\u00a0\u00bb|20px||20px|false|true\u00a0\u00bb custom_padding_last_edited=\u00a0\u00bbon|phone\u00a0\u00bb global_colors_info=\u00a0\u00bb{}\u00a0\u00bb][et_pb_team_member name=\u00a0\u00bbNotre histoire\u00a0\u00bb name_last_edited=\u00a0\u00bboff|phone\u00a0\u00bb position_last_edited=\u00a0\u00bboff|phone\u00a0\u00bb content_last_edited=\u00a0\u00bboff|phone\u00a0\u00bb _builder_version=\u00a0\u00bb4.23.1&Prime; _module_preset=\u00a0\u00bbdefault\u00a0\u00bb header_level=\u00a0\u00bbh2&Prime; header_letter_spacing=\u00a0\u00bb2px\u00a0\u00bb body_font=\u00a0\u00bb||||||||\u00a0\u00bb body_text_align=\u00a0\u00bbjustify\u00a0\u00bb custom_margin_tablet=\u00a0\u00bb\u00a0\u00bb custom_margin_phone=\u00a0\u00bb||||false|false\u00a0\u00bb custom_margin_last_edited=\u00a0\u00bbon|phone\u00a0\u00bb custom_padding=\u00a0\u00bb|30px|0px||false|false\u00a0\u00bb custom_padding_tablet=\u00a0\u00bb|20px|||false|false\u00a0\u00bb custom_padding_phone=\u00a0\u00bb|0px|0px||false|false\u00a0\u00bb custom_padding_last_edited=\u00a0\u00bbon|phone\u00a0\u00bb body_font_tablet=\u00a0\u00bb|300|||||||\u00a0\u00bb body_font_phone=\u00a0\u00bb|300|||||||\u00a0\u00bb body_font_last_edited=\u00a0\u00bbon|desktop\u00a0\u00bb body_text_align_tablet=\u00a0\u00bbjustify\u00a0\u00bb body_text_align_phone=\u00a0\u00bbjustify\u00a0\u00bb body_text_align_last_edited=\u00a0\u00bbon|phone\u00a0\u00bb body_text_color_tablet=\u00a0\u00bb\u00a0\u00bb body_text_color_phone=\u00a0\u00bb\u00a0\u00bb body_text_color_last_edited=\u00a0\u00bbon|phone\u00a0\u00bb body_font_size_tablet=\u00a0\u00bb\u00a0\u00bb body_font_size_phone=\u00a0\u00bb\u00a0\u00bb body_font_size_last_edited=\u00a0\u00bbon|phone\u00a0\u00bb body_letter_spacing_tablet=\u00a0\u00bb\u00a0\u00bb body_letter_spacing_phone=\u00a0\u00bb\u00a0\u00bb body_letter_spacing_last_edited=\u00a0\u00bbon|phone\u00a0\u00bb body_line_height_tablet=\u00a0\u00bb\u00a0\u00bb body_line_height_phone=\u00a0\u00bb\u00a0\u00bb body_line_height_last_edited=\u00a0\u00bbon|phone\u00a0\u00bb text_orientation_tablet=\u00a0\u00bb\u00a0\u00bb text_orientation_phone=\u00a0\u00bb\u00a0\u00bb text_orientation_last_edited=\u00a0\u00bbon|phone\u00a0\u00bb background_layout_tablet=\u00a0\u00bb\u00a0\u00bb background_layout_phone=\u00a0\u00bblight\u00a0\u00bb background_layout_last_edited=\u00a0\u00bbon|phone\u00a0\u00bb border_color_all=\u00a0\u00bb#FF9900&Prime; global_colors_info=\u00a0\u00bb{}\u00a0\u00bb]<\/p>\n<p style=\"text-align: justify;\">Le Patio, meubl\u00e9 de tourisme class\u00e9 5 \u00e9toiles, pr\u00e8s de <a href=\"https:\/\/www.cordessurciel.fr\" target=\"_blank\" rel=\"noopener\" title=\"A faire \u00e0 Cordes-sur-Ciel\">Cordes-sur-Ciel<\/a> dans le <a href=\"http:\/\/www.tourisme-tarn.com\" target=\"_blank\" rel=\"noopener\" title=\"D\u00e9couvrir le Tarn\">Tarn<\/a>.<\/p>\n<p style=\"text-align: justify;\"><em>Chris et Ang\u00e8le, couple franco-belge, originaires respectivement des Flandres orientales et de Champagne, vous souhaitent la bienvenue dans leur maison de vacances pr\u00e8s de Cordes-sur-Ciel.<\/em><\/p>\n<p style=\"text-align: justify;\"><span>Nous sommes depuis toujours passionn\u00e9s de r\u00e9novation et de d\u00e9coration.<\/span><\/p>\n<p style=\"text-align: justify;\"><span>Quelques ann\u00e9es apr\u00e8s avoir achev\u00e9 les travaux de notre maison en Belgique, dans le \u00ab\u00a0Waasland\u00a0\u00bb, nous r\u00eavons d\u2019acheter une propri\u00e9t\u00e9 dans le sud de la France. Nous cherchons un endroit authentique, \u00e0 la campagne, b\u00e9n\u00e9ficiant d\u2019un climat ensoleill\u00e9. <\/span><\/p>\n<p style=\"text-align: justify;\"><span>Notre id\u00e9e se pr\u00e9cise au cours de nos voyages en Ard\u00e8che, Provence, Bourgogne, Dr\u00f4me et Aveyron. Nous tombons finalement sous le charme du Tarn et de ses paysages vallonn\u00e9s qui rappellent la Toscane.<\/span><\/p>\n<p style=\"text-align: justify;\"><span>En 2009, nous trouvons la perle rare\u00a0: une petite grange \u00e0 flanc de colline offrant une vue spectaculaire sur la vall\u00e9e et les bois de Bournazel. <\/span><\/p>\n<p style=\"text-align: justify;\"><span>Nous commen\u00e7ons alors \u00e0 dessiner nos plans. Nous souhaitons que le projet soit con\u00e7u dans le respect de l\u2019architecture r\u00e9gionale et qu\u2019il b\u00e9n\u00e9ficie du confort des logements contemporains. Nous portons beaucoup d\u2019attention \u00e0 l\u2019int\u00e9gration du paysage et favorisons une connexion forte entre l\u2019int\u00e9rieur et l\u2019ext\u00e9rieur de b\u00e2timent.<\/span><\/p>\n<p align=\"left\" style=\"text-align: justify;\"><span>Nous construisons la b\u00e2tisse en utilisant des mat\u00e9riaux r\u00e9gionaux, notamment la pierre naturelle, qui nous s\u00e9duit par son caract\u00e8re intemporel et durable. Nous int\u00e9grons de grandes baies vitr\u00e9es qui font rentrer lumi\u00e8re et nature dans toutes les pi\u00e8ces de la maison. Enfin, nous am\u00e9nageons l\u2019ext\u00e9rieur\u00a0en cr\u00e9ant plusieurs terrasses couvertes autour d\u2019une piscine. <\/span><\/p>\n<p style=\"text-align: justify;\"><span>La r\u00e9novation s\u2019ach\u00e8ve en 2015 apr\u00e8s de nombreux allers-retours entre la Belgique et la France. <\/span><\/p>\n<p align=\"left\" style=\"text-align: justify;\"><span>Les habitants du village surnomment la villa \u00ab le Patio \u00bb. C\u2019est le nom que nous garderons pour notre g\u00eete.<\/span><\/p>\n<p style=\"text-align: justify;\"><span>Au fil des ann\u00e9es, nous songeons \u00e0 adopter un style de vie plus proche de la nature et envisageons s\u00e9rieusement de quitter les Flandres. Nous souhaitons mettre en location \u00ab\u00a0le Patio\u00a0\u00bb et entreprendre un nouveau projet de r\u00e9novation. En 2018, nous achetons un corps de ferme \u00e0 3 km du premier g\u00eete. <\/span><\/p>\n<p style=\"text-align: justify;\"><span>Nous d\u00e9m\u00e9nageons finalement en 2022 pour nous consacrer enti\u00e8rement \u00e0 nos activit\u00e9s de location saisonni\u00e8re et de construction.<\/span><\/p>\n<p style=\"text-align: justify;\"><span style=\"color: #ff9900;\">Chris et Ang\u00e8le<\/span><\/p>\n<h6 style=\"text-align: justify;\"><span style=\"color: #727272;\">Vos h\u00f4tes franco-belges<\/span><\/h6>\n<p>[\/et_pb_team_member][\/et_pb_column][et_pb_column type=\u00a0\u00bb1_3&Prime; _builder_version=\u00a0\u00bb4.19.4&Prime; _module_preset=\u00a0\u00bbdefault\u00a0\u00bb custom_padding=\u00a0\u00bb20px|20px|20px|20px|true|false\u00a0\u00bb sticky_position=\u00a0\u00bbtop\u00a0\u00bb sticky_offset_top=\u00a0\u00bb25px\u00a0\u00bb sticky_limit_bottom=\u00a0\u00bbrow\u00a0\u00bb background_last_edited=\u00a0\u00bbon|phone\u00a0\u00bb border_radii=\u00a0\u00bbon|15px|15px|15px|15px\u00a0\u00bb box_shadow_style=\u00a0\u00bbpreset1&Prime; box_shadow_blur_tablet=\u00a0\u00bb0px\u00a0\u00bb box_shadow_blur_phone=\u00a0\u00bb0px\u00a0\u00bb box_shadow_blur_last_edited=\u00a0\u00bbon|tablet\u00a0\u00bb global_colors_info=\u00a0\u00bb{}\u00a0\u00bb][wpbs_divi_single_calendar id=\u00a0\u00bb1&Prime; legend_position=\u00a0\u00bbbottom\u00a0\u00bb highlighttoday=\u00a0\u00bbyes\u00a0\u00bb minimum_days=\u00a0\u00bb7&Prime; booking_start_day=\u00a0\u00bb5&Prime; booking_end_day=\u00a0\u00bb5&Prime; show_date_selection=\u00a0\u00bbyes\u00a0\u00bb disabled_on=\u00a0\u00bbon|on|off\u00a0\u00bb _builder_version=\u00a0\u00bb4.19.4&Prime; _module_preset=\u00a0\u00bbdefault\u00a0\u00bb module_font=\u00a0\u00bb||||||||\u00a0\u00bb module_text_align=\u00a0\u00bbcenter\u00a0\u00bb module_letter_spacing=\u00a0\u00bb2px\u00a0\u00bb background_color=\u00a0\u00bb#FFFFFF\u00a0\u00bb position_origin_f=\u00a0\u00bbtop_right\u00a0\u00bb z_index=\u00a0\u00bb1&Prime; width=\u00a0\u00bb100%\u00a0\u00bb module_alignment=\u00a0\u00bbcenter\u00a0\u00bb custom_margin_tablet=\u00a0\u00bb\u00a0\u00bb custom_margin_phone=\u00a0\u00bb0px|0px|0px|0px|false|false\u00a0\u00bb custom_margin_last_edited=\u00a0\u00bbon|phone\u00a0\u00bb custom_padding=\u00a0\u00bb10px|5px||5px|false|false\u00a0\u00bb custom_padding_tablet=\u00a0\u00bb10px|5px||5px|false|false\u00a0\u00bb custom_padding_phone=\u00a0\u00bb0px|0px|0px|0px|false|false\u00a0\u00bb custom_padding_last_edited=\u00a0\u00bbon|phone\u00a0\u00bb sticky_limit_bottom=\u00a0\u00bbsection\u00a0\u00bb overflow-x_tablet=\u00a0\u00bb\u00a0\u00bb overflow-x_phone=\u00a0\u00bb\u00a0\u00bb overflow-x_last_edited=\u00a0\u00bbon|tablet\u00a0\u00bb overflow-y_tablet=\u00a0\u00bb\u00a0\u00bb overflow-y_phone=\u00a0\u00bb\u00a0\u00bb overflow-y_last_edited=\u00a0\u00bbon|tablet\u00a0\u00bb border_radii=\u00a0\u00bbon|20px|20px|20px|20px\u00a0\u00bb border_radii_tablet=\u00a0\u00bbon|20px|20px|20px|20px\u00a0\u00bb border_radii_phone=\u00a0\u00bbon|0px|0px|0px|0px\u00a0\u00bb border_radii_last_edited=\u00a0\u00bbon|phone\u00a0\u00bb border_width_all_tablet=\u00a0\u00bb\u00a0\u00bb border_width_all_phone=\u00a0\u00bb\u00a0\u00bb border_width_all_last_edited=\u00a0\u00bbon|phone\u00a0\u00bb border_color_all_tablet=\u00a0\u00bb\u00a0\u00bb border_color_all_phone=\u00a0\u00bb\u00a0\u00bb border_color_all_last_edited=\u00a0\u00bbon|phone\u00a0\u00bb border_style_all_tablet=\u00a0\u00bb\u00a0\u00bb border_style_all_phone=\u00a0\u00bb\u00a0\u00bb border_style_all_last_edited=\u00a0\u00bbon|phone\u00a0\u00bb global_colors_info=\u00a0\u00bb{}\u00a0\u00bb][\/wpbs_divi_single_calendar][et_pb_text content_last_edited=\u00a0\u00bboff|tablet\u00a0\u00bb disabled_on=\u00a0\u00bbon|on|off\u00a0\u00bb _builder_version=\u00a0\u00bb4.19.2&Prime; _module_preset=\u00a0\u00bbdefault\u00a0\u00bb header_5_font=\u00a0\u00bb||||||||\u00a0\u00bb header_5_text_color=\u00a0\u00bb#727272&Prime; text_orientation=\u00a0\u00bbjustified\u00a0\u00bb custom_padding=\u00a0\u00bb||||false|true\u00a0\u00bb text_font_tablet=\u00a0\u00bb\u00a0\u00bb text_font_phone=\u00a0\u00bb|300|||||||\u00a0\u00bb text_font_last_edited=\u00a0\u00bbon|phone\u00a0\u00bb text_font_size_tablet=\u00a0\u00bb\u00a0\u00bb text_font_size_phone=\u00a0\u00bb12px\u00a0\u00bb text_font_size_last_edited=\u00a0\u00bbon|phone\u00a0\u00bb overflow-x_last_edited=\u00a0\u00bboff|tablet\u00a0\u00bb overflow-y_last_edited=\u00a0\u00bboff|tablet\u00a0\u00bb border_color_all=\u00a0\u00bbRGBA(255,255,255,0)\u00a0\u00bb border_width_all_tablet=\u00a0\u00bb\u00a0\u00bb border_width_all_phone=\u00a0\u00bb\u00a0\u00bb border_width_all_last_edited=\u00a0\u00bbon|phone\u00a0\u00bb global_colors_info=\u00a0\u00bb{}\u00a0\u00bb]<\/p>\n<p>Vous pouvez voir les disponibilit\u00e9s en feuilletant le calendrier ci-dessus.<\/p>\n<p>[\/et_pb_text][\/et_pb_column][\/et_pb_row][et_pb_row disabled_on=\u00a0\u00bboff|off|off\u00a0\u00bb _builder_version=\u00a0\u00bb4.19.3&Prime; _module_preset=\u00a0\u00bbdefault\u00a0\u00bb custom_margin=\u00a0\u00bb0px||0px||false|false\u00a0\u00bb custom_margin_tablet=\u00a0\u00bb0px||0px||false|false\u00a0\u00bb custom_margin_phone=\u00a0\u00bb0px||0px||false|false\u00a0\u00bb custom_margin_last_edited=\u00a0\u00bbon|phone\u00a0\u00bb global_colors_info=\u00a0\u00bb{}\u00a0\u00bb][et_pb_column type=\u00a0\u00bb4_4&Prime; _builder_version=\u00a0\u00bb4.19.3&Prime; _module_preset=\u00a0\u00bbdefault\u00a0\u00bb global_colors_info=\u00a0\u00bb{}\u00a0\u00bb][et_pb_button button_url=\u00a0\u00bbhttps:\/\/villasurciel.com\/description\/\u00a0\u00bb button_text=\u00a0\u00bbDESCRIPTION\u00a0\u00bb button_alignment=\u00a0\u00bbcenter\u00a0\u00bb button_alignment_tablet=\u00a0\u00bbcenter\u00a0\u00bb button_alignment_phone=\u00a0\u00bbcenter\u00a0\u00bb button_alignment_last_edited=\u00a0\u00bbon|phone\u00a0\u00bb _builder_version=\u00a0\u00bb4.19.5&Prime; _module_preset=\u00a0\u00bbdefault\u00a0\u00bb global_colors_info=\u00a0\u00bb{}\u00a0\u00bb][\/et_pb_button][\/et_pb_column][\/et_pb_row][\/et_pb_section]<\/p>\n","protected":false},"excerpt":{"rendered":"<p>Le Patio, meubl\u00e9 de tourisme class\u00e9 5 \u00e9toiles, pr\u00e8s de Cordes-sur-Ciel dans le Tarn. Chris et Ang\u00e8le, couple franco-belge, originaires respectivement des Flandres orientales et de Champagne, vous souhaitent la bienvenue dans leur maison de vacances pr\u00e8s de Cordes-sur-Ciel. Nous sommes depuis toujours passionn\u00e9s de r\u00e9novation et de d\u00e9coration. Quelques ann\u00e9es apr\u00e8s avoir achev\u00e9 les [&hellip;]<\/p>\n","protected":false},"author":1,"featured_media":0,"parent":0,"menu_order":0,"comment_status":"closed","ping_status":"closed","template":"","meta":{"_et_pb_use_builder":"on","_et_pb_old_content":"","_et_gb_content_width":"","footnotes":""},"class_list":["post-322","page","type-page","status-publish","hentry"],"_links":{"self":[{"href":"https:\/\/villasurciel.com\/nl\/wp-json\/wp\/v2\/pages\/322","targetHints":{"allow":["GET"]}}],"collection":[{"href":"https:\/\/villasurciel.com\/nl\/wp-json\/wp\/v2\/pages"}],"about":[{"href":"https:\/\/villasurciel.com\/nl\/wp-json\/wp\/v2\/types\/page"}],"author":[{"embeddable":true,"href":"https:\/\/villasurciel.com\/nl\/wp-json\/wp\/v2\/users\/1"}],"replies":[{"embeddable":true,"href":"https:\/\/villasurciel.com\/nl\/wp-json\/wp\/v2\/comments?post=322"}],"version-history":[{"count":5,"href":"https:\/\/villasurciel.com\/nl\/wp-json\/wp\/v2\/pages\/322\/revisions"}],"predecessor-version":[{"id":3302,"href":"https:\/\/villasurciel.com\/nl\/wp-json\/wp\/v2\/pages\/322\/revisions\/3302"}],"wp:attachment":[{"href":"https:\/\/villasurciel.com\/nl\/wp-json\/wp\/v2\/media?parent=322"}],"curies":[{"name":"wp","href":"https:\/\/api.w.org\/{rel}","templated":true}]}}